{"id":788,"date":"2022-02-11T15:30:38","date_gmt":"2022-02-11T15:30:38","guid":{"rendered":"https:\/\/naturheilpraxis9645.live-website.com\/?page_id=788"},"modified":"2025-06-12T13:37:49","modified_gmt":"2025-06-12T13:37:49","slug":"danke","status":"publish","type":"page","link":"https:\/\/naturheilpraxis-kerres.de\/en\/danke\/","title":{"rendered":"Danke"},"content":{"rendered":"<div data-elementor-type=\"wp-page\" data-elementor-id=\"788\" class=\"elementor elementor-788\" data-elementor-post-type=\"page\">\n\t\t\t\t\t\t<section class=\"elementor-section elementor-top-section elementor-element elementor-element-46451bb elementor-section-boxed elementor-section-height-default elementor-section-height-default\" data-id=\"46451bb\" data-element_type=\"section\" data-e-type=\"section\">\n\t\t\t\t\t\t<div class=\"elementor-container elementor-column-gap-default\">\n\t\t\t\t\t<div class=\"elementor-column elementor-col-33 elementor-top-column elementor-element elementor-element-eb344a1\" data-id=\"eb344a1\" data-element_type=\"column\" data-e-type=\"column\">\n\t\t\t<div class=\"elementor-widget-wrap\">\n\t\t\t\t\t\t\t<\/div>\n\t\t<\/div>\n\t\t\t\t<div class=\"elementor-column elementor-col-33 elementor-top-column elementor-element elementor-element-3497ff3\" data-id=\"3497ff3\" data-element_type=\"column\" data-e-type=\"column\">\n\t\t\t<div class=\"elementor-widget-wrap elementor-element-populated\">\n\t\t\t\t\t\t<div class=\"elementor-element elementor-element-a4dc3cf elementor-widget elementor-widget-image\" data-id=\"a4dc3cf\" data-element_type=\"widget\" data-e-type=\"widget\" data-widget_type=\"image.default\">\n\t\t\t\t<div class=\"elementor-widget-container\">\n\t\t\t\t\t\t\t\t\t\t\t\t\t\t\t\t<a href=\"https:\/\/naturheilpraxis-kerres.de\/en\/\">\n\t\t\t\t\t\t\t<img decoding=\"async\" width=\"300\" height=\"104\" src=\"https:\/\/naturheilpraxis-kerres.de\/wp-content\/uploads\/2022\/03\/Kerres_Logo_mit_800px_RGB-300x104.png\" class=\"attachment-medium size-medium wp-image-1494\" alt=\"\" srcset=\"https:\/\/naturheilpraxis-kerres.de\/wp-content\/uploads\/2022\/03\/Kerres_Logo_mit_800px_RGB-300x104.png 300w, https:\/\/naturheilpraxis-kerres.de\/wp-content\/uploads\/2022\/03\/Kerres_Logo_mit_800px_RGB-768x265.png 768w, https:\/\/naturheilpraxis-kerres.de\/wp-content\/uploads\/2022\/03\/Kerres_Logo_mit_800px_RGB.png 800w\" sizes=\"(max-width: 300px) 100vw, 300px\" \/>\t\t\t\t\t\t\t\t<\/a>\n\t\t\t\t\t\t\t\t\t\t\t\t\t\t\t<\/div>\n\t\t\t\t<\/div>\n\t\t\t\t\t<\/div>\n\t\t<\/div>\n\t\t\t\t<div class=\"elementor-column elementor-col-33 elementor-top-column elementor-element elementor-element-89a8a03\" data-id=\"89a8a03\" data-element_type=\"column\" data-e-type=\"column\">\n\t\t\t<div class=\"elementor-widget-wrap\">\n\t\t\t\t\t\t\t<\/div>\n\t\t<\/div>\n\t\t\t\t\t<\/div>\n\t\t<\/section>\n\t\t\t\t<section class=\"elementor-section elementor-top-section elementor-element elementor-element-d381472 elementor-section-boxed elementor-section-height-default elementor-section-height-default\" data-id=\"d381472\" data-element_type=\"section\" data-e-type=\"section\">\n\t\t\t\t\t\t<div class=\"elementor-container elementor-column-gap-default\">\n\t\t\t\t\t<div class=\"elementor-column elementor-col-50 elementor-top-column elementor-element elementor-element-96c21fe\" data-id=\"96c21fe\" data-element_type=\"column\" data-e-type=\"column\">\n\t\t\t<div class=\"elementor-widget-wrap elementor-element-populated\">\n\t\t\t\t\t\t<div class=\"elementor-element elementor-element-2ca8f7e elementor-widget elementor-widget-image\" data-id=\"2ca8f7e\" data-element_type=\"widget\" data-e-type=\"widget\" data-widget_type=\"image.default\">\n\t\t\t\t<div class=\"elementor-widget-container\">\n\t\t\t\t\t\t\t\t\t\t\t\t\t\t\t<img fetchpriority=\"high\" decoding=\"async\" width=\"219\" height=\"300\" src=\"https:\/\/naturheilpraxis-kerres.de\/wp-content\/uploads\/2022\/02\/Bianka-Kerres-219x300.jpg\" class=\"attachment-medium size-medium wp-image-483\" alt=\"\" srcset=\"https:\/\/naturheilpraxis-kerres.de\/wp-content\/uploads\/2022\/02\/Bianka-Kerres-219x300.jpg 219w, https:\/\/naturheilpraxis-kerres.de\/wp-content\/uploads\/2022\/02\/Bianka-Kerres-747x1024.jpg 747w, https:\/\/naturheilpraxis-kerres.de\/wp-content\/uploads\/2022\/02\/Bianka-Kerres-768x1053.jpg 768w, https:\/\/naturheilpraxis-kerres.de\/wp-content\/uploads\/2022\/02\/Bianka-Kerres-1121x1536.jpg 1121w, https:\/\/naturheilpraxis-kerres.de\/wp-content\/uploads\/2022\/02\/Bianka-Kerres.jpg 1282w\" sizes=\"(max-width: 219px) 100vw, 219px\" \/>\t\t\t\t\t\t\t\t\t\t\t\t\t\t\t<\/div>\n\t\t\t\t<\/div>\n\t\t\t\t\t<\/div>\n\t\t<\/div>\n\t\t\t\t<div class=\"elementor-column elementor-col-50 elementor-top-column elementor-element elementor-element-141a9aa\" data-id=\"141a9aa\" data-element_type=\"column\" data-e-type=\"column\">\n\t\t\t<div class=\"elementor-widget-wrap elementor-element-populated\">\n\t\t\t\t\t\t<div class=\"elementor-element elementor-element-54da2a9 elementor-widget elementor-widget-heading\" data-id=\"54da2a9\" data-element_type=\"widget\" data-e-type=\"widget\" data-widget_type=\"heading.default\">\n\t\t\t\t<div class=\"elementor-widget-container\">\n\t\t\t\t\t<div class=\"elementor-heading-title elementor-size-default\">Thank you for your message!<\/div>\t\t\t\t<\/div>\n\t\t\t\t<\/div>\n\t\t\t\t<div class=\"elementor-element elementor-element-7f9c4f8 elementor-widget elementor-widget-text-editor\" data-id=\"7f9c4f8\" data-element_type=\"widget\" data-e-type=\"widget\" data-widget_type=\"text-editor.default\">\n\t\t\t\t<div class=\"elementor-widget-container\">\n\t\t\t\t\t\t\t\t\t<p>I look forward to hearing from you and will get back to you as soon as I can.<\/p><p>Best regards<\/p><p>Yours Bianka<\/p>\t\t\t\t\t\t\t\t<\/div>\n\t\t\t\t<\/div>\n\t\t\t\t\t<\/div>\n\t\t<\/div>\n\t\t\t\t\t<\/div>\n\t\t<\/section>\n\t\t\t\t<section class=\"elementor-section elementor-top-section elementor-element elementor-element-e555e53 elementor-section-boxed elementor-section-height-default elementor-section-height-default\" data-id=\"e555e53\" data-element_type=\"section\" data-e-type=\"section\">\n\t\t\t\t\t\t<div class=\"elementor-container elementor-column-gap-default\">\n\t\t\t\t\t<div class=\"elementor-column elementor-col-50 elementor-top-column elementor-element elementor-element-0218bfc\" data-id=\"0218bfc\" data-element_type=\"column\" data-e-type=\"column\">\n\t\t\t<div class=\"elementor-widget-wrap elementor-element-populated\">\n\t\t\t\t\t\t<div class=\"elementor-element elementor-element-ff3bbc3 elementor-icon-list--layout-inline elementor-align-center elementor-list-item-link-full_width elementor-widget elementor-widget-icon-list\" data-id=\"ff3bbc3\" data-element_type=\"widget\" data-e-type=\"widget\" data-widget_type=\"icon-list.default\">\n\t\t\t\t<div class=\"elementor-widget-container\">\n\t\t\t\t\t\t\t<ul class=\"elementor-icon-list-items elementor-inline-items\">\n\t\t\t\t\t\t\t<li class=\"elementor-icon-list-item elementor-inline-item\">\n\t\t\t\t\t\t\t\t\t\t\t<a href=\"https:\/\/naturheilpraxis-kerres.de\/en\/datenschutz\/\">\n\n\t\t\t\t\t\t\t\t\t\t\t<span class=\"elementor-icon-list-text\">Data protection<\/span>\n\t\t\t\t\t\t\t\t\t\t\t<\/a>\n\t\t\t\t\t\t\t\t\t<\/li>\n\t\t\t\t\t\t\t\t<li class=\"elementor-icon-list-item elementor-inline-item\">\n\t\t\t\t\t\t\t\t\t\t\t<a href=\"https:\/\/naturheilpraxis-kerres.de\/en\/impressum\/\">\n\n\t\t\t\t\t\t\t\t\t\t\t<span class=\"elementor-icon-list-text\">Imprint<\/span>\n\t\t\t\t\t\t\t\t\t\t\t<\/a>\n\t\t\t\t\t\t\t\t\t<\/li>\n\t\t\t\t\t\t\t\t<li class=\"elementor-icon-list-item elementor-inline-item\">\n\t\t\t\t\t\t\t\t\t\t\t<a href=\"https:\/\/naturheilpraxis-kerres.de\/en\/ueber-mich\/\">\n\n\t\t\t\t\t\t\t\t\t\t\t<span class=\"elementor-icon-list-text\">About Me<\/span>\n\t\t\t\t\t\t\t\t\t\t\t<\/a>\n\t\t\t\t\t\t\t\t\t<\/li>\n\t\t\t\t\t\t\t\t<li class=\"elementor-icon-list-item elementor-inline-item\">\n\t\t\t\t\t\t\t\t\t\t\t<a href=\"https:\/\/naturheilpraxis-kerres.de\/en\/kontakt\/\">\n\n\t\t\t\t\t\t\t\t\t\t\t<span class=\"elementor-icon-list-text\">Contact<\/span>\n\t\t\t\t\t\t\t\t\t\t\t<\/a>\n\t\t\t\t\t\t\t\t\t<\/li>\n\t\t\t\t\t\t<\/ul>\n\t\t\t\t\t\t<\/div>\n\t\t\t\t<\/div>\n\t\t\t\t\t<\/div>\n\t\t<\/div>\n\t\t\t\t<div class=\"elementor-column elementor-col-50 elementor-top-column elementor-element elementor-element-18b3d7c\" data-id=\"18b3d7c\" data-element_type=\"column\" data-e-type=\"column\">\n\t\t\t<div class=\"elementor-widget-wrap elementor-element-populated\">\n\t\t\t\t\t\t<div class=\"elementor-element elementor-element-443b934 elementor-shape-rounded elementor-grid-0 e-grid-align-center elementor-widget elementor-widget-social-icons\" data-id=\"443b934\" data-element_type=\"widget\" data-e-type=\"widget\" data-widget_type=\"social-icons.default\">\n\t\t\t\t<div class=\"elementor-widget-container\">\n\t\t\t\t\t\t\t<div class=\"elementor-social-icons-wrapper elementor-grid\" role=\"list\">\n\t\t\t\t\t\t\t<span class=\"elementor-grid-item\" role=\"listitem\">\n\t\t\t\t\t<a class=\"elementor-icon elementor-social-icon elementor-social-icon-facebook elementor-repeater-item-fbce6df\" href=\"https:\/\/www.facebook.com\/naturheilpraxiskerres\" target=\"_blank\">\n\t\t\t\t\t\t<span class=\"elementor-screen-only\">https:\/\/www.facebook.com\/naturheilpraxiskerres<\/span>\n\t\t\t\t\t\t<i aria-hidden=\"true\" class=\"fab fa-facebook\"><\/i>\t\t\t\t\t<\/a>\n\t\t\t\t<\/span>\n\t\t\t\t\t\t\t<span class=\"elementor-grid-item\" role=\"listitem\">\n\t\t\t\t\t<a class=\"elementor-icon elementor-social-icon elementor-social-icon-instagram elementor-repeater-item-c46a300\" href=\"https:\/\/www.instagram.com\/naturheilpraxiskerres\/\" target=\"_blank\">\n\t\t\t\t\t\t<span class=\"elementor-screen-only\">https:\/\/www.instagram.com\/naturheilpraxiskerres\/<\/span>\n\t\t\t\t\t\t<i aria-hidden=\"true\" class=\"fab fa-instagram\"><\/i>\t\t\t\t\t<\/a>\n\t\t\t\t<\/span>\n\t\t\t\t\t<\/div>\n\t\t\t\t\t\t<\/div>\n\t\t\t\t<\/div>\n\t\t\t\t\t<\/div>\n\t\t<\/div>\n\t\t\t\t\t<\/div>\n\t\t<\/section>\n\t\t\t\t<\/div>","protected":false},"excerpt":{"rendered":"<p>Vielen Dank f\u00fcr Deine Nachricht! Ich freue mich \u00fcber deine Kontaktaufnahme und werde mich so schnell, wie es geht, zur\u00fcckmelden. Ganz liebe Gr\u00fc\u00dfe Deine Bianka Datenschutz Impressum \u00dcber mich Kontakt Facebook Instagram<\/p>","protected":false},"author":1,"featured_media":0,"parent":0,"menu_order":0,"comment_status":"closed","ping_status":"closed","template":"elementor_canvas","meta":{"footnotes":""},"class_list":["post-788","page","type-page","status-publish","hentry"],"yoast_head":"<!-- This site is optimized with the Yoast SEO plugin v27.4 - https:\/\/yoast.com\/product\/yoast-seo-wordpress\/ -->\n<title>Danke - Naturheilpraxis<\/title>\n<meta name=\"robots\" content=\"noindex, follow, max-snippet:-1, max-image-preview:large, max-video-preview:-1\" \/>\n<meta property=\"og:locale\" content=\"en_US\" \/>\n<meta property=\"og:type\" content=\"article\" \/>\n<meta property=\"og:title\" content=\"Danke - Naturheilpraxis\" \/>\n<meta property=\"og:description\" content=\"Vielen Dank f\u00fcr Deine Nachricht! Ich freue mich \u00fcber deine Kontaktaufnahme und werde mich so schnell, wie es geht, zur\u00fcckmelden. Ganz liebe Gr\u00fc\u00dfe Deine Bianka Datenschutz Impressum \u00dcber mich Kontakt Facebook Instagram\" \/>\n<meta property=\"og:url\" content=\"https:\/\/naturheilpraxis-kerres.de\/en\/danke\/\" \/>\n<meta property=\"og:site_name\" content=\"Naturheilpraxis\" \/>\n<meta property=\"article:modified_time\" content=\"2025-06-12T13:37:49+00:00\" \/>\n<meta property=\"og:image\" content=\"https:\/\/naturheilpraxis-kerres.de\/wp-content\/uploads\/2022\/03\/Kerres_Logo_mit_800px_RGB.png\" \/>\n\t<meta property=\"og:image:width\" content=\"800\" \/>\n\t<meta property=\"og:image:height\" content=\"276\" \/>\n\t<meta property=\"og:image:type\" content=\"image\/png\" \/>\n<meta name=\"twitter:card\" content=\"summary_large_image\" \/>\n<meta name=\"twitter:label1\" content=\"Est. reading time\" \/>\n\t<meta name=\"twitter:data1\" content=\"1 minute\" \/>\n<script type=\"application\/ld+json\" class=\"yoast-schema-graph\">{\"@context\":\"https:\\\/\\\/schema.org\",\"@graph\":[{\"@type\":\"WebPage\",\"@id\":\"https:\\\/\\\/naturheilpraxis-kerres.de\\\/danke\\\/\",\"url\":\"https:\\\/\\\/naturheilpraxis-kerres.de\\\/danke\\\/\",\"name\":\"Danke - Naturheilpraxis\",\"isPartOf\":{\"@id\":\"https:\\\/\\\/naturheilpraxis-kerres.de\\\/#website\"},\"primaryImageOfPage\":{\"@id\":\"https:\\\/\\\/naturheilpraxis-kerres.de\\\/danke\\\/#primaryimage\"},\"image\":{\"@id\":\"https:\\\/\\\/naturheilpraxis-kerres.de\\\/danke\\\/#primaryimage\"},\"thumbnailUrl\":\"https:\\\/\\\/naturheilpraxis-kerres.de\\\/wp-content\\\/uploads\\\/2022\\\/03\\\/Kerres_Logo_mit_800px_RGB-300x104.png\",\"datePublished\":\"2022-02-11T15:30:38+00:00\",\"dateModified\":\"2025-06-12T13:37:49+00:00\",\"breadcrumb\":{\"@id\":\"https:\\\/\\\/naturheilpraxis-kerres.de\\\/danke\\\/#breadcrumb\"},\"inLanguage\":\"en-US\",\"potentialAction\":[{\"@type\":\"ReadAction\",\"target\":[\"https:\\\/\\\/naturheilpraxis-kerres.de\\\/danke\\\/\"]}]},{\"@type\":\"ImageObject\",\"inLanguage\":\"en-US\",\"@id\":\"https:\\\/\\\/naturheilpraxis-kerres.de\\\/danke\\\/#primaryimage\",\"url\":\"https:\\\/\\\/naturheilpraxis-kerres.de\\\/wp-content\\\/uploads\\\/2022\\\/03\\\/Kerres_Logo_mit_800px_RGB-300x104.png\",\"contentUrl\":\"https:\\\/\\\/naturheilpraxis-kerres.de\\\/wp-content\\\/uploads\\\/2022\\\/03\\\/Kerres_Logo_mit_800px_RGB-300x104.png\"},{\"@type\":\"BreadcrumbList\",\"@id\":\"https:\\\/\\\/naturheilpraxis-kerres.de\\\/danke\\\/#breadcrumb\",\"itemListElement\":[{\"@type\":\"ListItem\",\"position\":1,\"name\":\"Startseite\",\"item\":\"https:\\\/\\\/naturheilpraxis-kerres.de\\\/\"},{\"@type\":\"ListItem\",\"position\":2,\"name\":\"Danke\"}]},{\"@type\":\"WebSite\",\"@id\":\"https:\\\/\\\/naturheilpraxis-kerres.de\\\/#website\",\"url\":\"https:\\\/\\\/naturheilpraxis-kerres.de\\\/\",\"name\":\"Naturheilpraxis\",\"description\":\"Naturheilpraxis Kerres - Hom\u00f6opathie f\u00fcr Mensch und Tier\",\"publisher\":{\"@id\":\"https:\\\/\\\/naturheilpraxis-kerres.de\\\/#organization\"},\"potentialAction\":[{\"@type\":\"SearchAction\",\"target\":{\"@type\":\"EntryPoint\",\"urlTemplate\":\"https:\\\/\\\/naturheilpraxis-kerres.de\\\/?s={search_term_string}\"},\"query-input\":{\"@type\":\"PropertyValueSpecification\",\"valueRequired\":true,\"valueName\":\"search_term_string\"}}],\"inLanguage\":\"en-US\"},{\"@type\":\"Organization\",\"@id\":\"https:\\\/\\\/naturheilpraxis-kerres.de\\\/#organization\",\"name\":\"Naturheilpraxis\",\"url\":\"https:\\\/\\\/naturheilpraxis-kerres.de\\\/\",\"logo\":{\"@type\":\"ImageObject\",\"inLanguage\":\"en-US\",\"@id\":\"https:\\\/\\\/naturheilpraxis-kerres.de\\\/#\\\/schema\\\/logo\\\/image\\\/\",\"url\":\"https:\\\/\\\/naturheilpraxis-kerres.de\\\/wp-content\\\/uploads\\\/2025\\\/04\\\/cropped-Favicon-Bianka-Kerres-Gross.png\",\"contentUrl\":\"https:\\\/\\\/naturheilpraxis-kerres.de\\\/wp-content\\\/uploads\\\/2025\\\/04\\\/cropped-Favicon-Bianka-Kerres-Gross.png\",\"width\":500,\"height\":500,\"caption\":\"Naturheilpraxis\"},\"image\":{\"@id\":\"https:\\\/\\\/naturheilpraxis-kerres.de\\\/#\\\/schema\\\/logo\\\/image\\\/\"}}]}<\/script>\n<!-- \/ Yoast SEO plugin. -->","yoast_head_json":{"title":"Danke - Naturheilpraxis","robots":{"index":"noindex","follow":"follow","max-snippet":"max-snippet:-1","max-image-preview":"max-image-preview:large","max-video-preview":"max-video-preview:-1"},"og_locale":"en_US","og_type":"article","og_title":"Danke - Naturheilpraxis","og_description":"Vielen Dank f\u00fcr Deine Nachricht! Ich freue mich \u00fcber deine Kontaktaufnahme und werde mich so schnell, wie es geht, zur\u00fcckmelden. Ganz liebe Gr\u00fc\u00dfe Deine Bianka Datenschutz Impressum \u00dcber mich Kontakt Facebook Instagram","og_url":"https:\/\/naturheilpraxis-kerres.de\/en\/danke\/","og_site_name":"Naturheilpraxis","article_modified_time":"2025-06-12T13:37:49+00:00","og_image":[{"width":800,"height":276,"url":"https:\/\/naturheilpraxis-kerres.de\/wp-content\/uploads\/2022\/03\/Kerres_Logo_mit_800px_RGB.png","type":"image\/png"}],"twitter_card":"summary_large_image","twitter_misc":{"Est. reading time":"1 minute"},"schema":{"@context":"https:\/\/schema.org","@graph":[{"@type":"WebPage","@id":"https:\/\/naturheilpraxis-kerres.de\/danke\/","url":"https:\/\/naturheilpraxis-kerres.de\/danke\/","name":"Danke - Naturheilpraxis","isPartOf":{"@id":"https:\/\/naturheilpraxis-kerres.de\/#website"},"primaryImageOfPage":{"@id":"https:\/\/naturheilpraxis-kerres.de\/danke\/#primaryimage"},"image":{"@id":"https:\/\/naturheilpraxis-kerres.de\/danke\/#primaryimage"},"thumbnailUrl":"https:\/\/naturheilpraxis-kerres.de\/wp-content\/uploads\/2022\/03\/Kerres_Logo_mit_800px_RGB-300x104.png","datePublished":"2022-02-11T15:30:38+00:00","dateModified":"2025-06-12T13:37:49+00:00","breadcrumb":{"@id":"https:\/\/naturheilpraxis-kerres.de\/danke\/#breadcrumb"},"inLanguage":"en-US","potentialAction":[{"@type":"ReadAction","target":["https:\/\/naturheilpraxis-kerres.de\/danke\/"]}]},{"@type":"ImageObject","inLanguage":"en-US","@id":"https:\/\/naturheilpraxis-kerres.de\/danke\/#primaryimage","url":"https:\/\/naturheilpraxis-kerres.de\/wp-content\/uploads\/2022\/03\/Kerres_Logo_mit_800px_RGB-300x104.png","contentUrl":"https:\/\/naturheilpraxis-kerres.de\/wp-content\/uploads\/2022\/03\/Kerres_Logo_mit_800px_RGB-300x104.png"},{"@type":"BreadcrumbList","@id":"https:\/\/naturheilpraxis-kerres.de\/danke\/#breadcrumb","itemListElement":[{"@type":"ListItem","position":1,"name":"Startseite","item":"https:\/\/naturheilpraxis-kerres.de\/"},{"@type":"ListItem","position":2,"name":"Danke"}]},{"@type":"WebSite","@id":"https:\/\/naturheilpraxis-kerres.de\/#website","url":"https:\/\/naturheilpraxis-kerres.de\/","name":"Naturopathic practice","description":"Naturheilpraxis Kerres - Hom\u00f6opathie f\u00fcr Mensch und Tier","publisher":{"@id":"https:\/\/naturheilpraxis-kerres.de\/#organization"},"potentialAction":[{"@type":"SearchAction","target":{"@type":"EntryPoint","urlTemplate":"https:\/\/naturheilpraxis-kerres.de\/?s={search_term_string}"},"query-input":{"@type":"PropertyValueSpecification","valueRequired":true,"valueName":"search_term_string"}}],"inLanguage":"en-US"},{"@type":"Organization","@id":"https:\/\/naturheilpraxis-kerres.de\/#organization","name":"Naturopathic practice","url":"https:\/\/naturheilpraxis-kerres.de\/","logo":{"@type":"ImageObject","inLanguage":"en-US","@id":"https:\/\/naturheilpraxis-kerres.de\/#\/schema\/logo\/image\/","url":"https:\/\/naturheilpraxis-kerres.de\/wp-content\/uploads\/2025\/04\/cropped-Favicon-Bianka-Kerres-Gross.png","contentUrl":"https:\/\/naturheilpraxis-kerres.de\/wp-content\/uploads\/2025\/04\/cropped-Favicon-Bianka-Kerres-Gross.png","width":500,"height":500,"caption":"Naturheilpraxis"},"image":{"@id":"https:\/\/naturheilpraxis-kerres.de\/#\/schema\/logo\/image\/"}}]}},"_links":{"self":[{"href":"https:\/\/naturheilpraxis-kerres.de\/en\/wp-json\/wp\/v2\/pages\/788","targetHints":{"allow":["GET"]}}],"collection":[{"href":"https:\/\/naturheilpraxis-kerres.de\/en\/wp-json\/wp\/v2\/pages"}],"about":[{"href":"https:\/\/naturheilpraxis-kerres.de\/en\/wp-json\/wp\/v2\/types\/page"}],"author":[{"embeddable":true,"href":"https:\/\/naturheilpraxis-kerres.de\/en\/wp-json\/wp\/v2\/users\/1"}],"replies":[{"embeddable":true,"href":"https:\/\/naturheilpraxis-kerres.de\/en\/wp-json\/wp\/v2\/comments?post=788"}],"version-history":[{"count":37,"href":"https:\/\/naturheilpraxis-kerres.de\/en\/wp-json\/wp\/v2\/pages\/788\/revisions"}],"predecessor-version":[{"id":2619,"href":"https:\/\/naturheilpraxis-kerres.de\/en\/wp-json\/wp\/v2\/pages\/788\/revisions\/2619"}],"wp:attachment":[{"href":"https:\/\/naturheilpraxis-kerres.de\/en\/wp-json\/wp\/v2\/media?parent=788"}],"curies":[{"name":"wp","href":"https:\/\/api.w.org\/{rel}","templated":true}]}}